{"id":818,"date":"2018-04-09T15:40:51","date_gmt":"2018-04-09T08:40:51","guid":{"rendered":"http:\/\/tuandungtour.com\/?page_id=818"},"modified":"2025-03-24T19:38:54","modified_gmt":"2025-03-24T12:38:54","slug":"gia-tour-da-nang","status":"publish","type":"page","link":"https:\/\/tuandungtour.com\/en\/gia-tour-da-nang.html\/","title":{"rendered":"(Ti\u1ebfng Vi\u1ec7t) B\u1ea2NG GI\u00c1 TOUR \u0110\u00c0 N\u1eb4NG 2025- 0905330085"},"content":{"rendered":"<p class=\"qtranxs-available-languages-message qtranxs-available-languages-message-en\">Sorry, this entry is only available in <a href=\"https:\/\/tuandungtour.com\/vi\/wp-json\/wp\/v2\/pages\/818\" class=\"qtranxs-available-language-link qtranxs-available-language-link-vi\" title=\"Ti\u1ebfng Vi\u1ec7t\">Ti\u1ebfng Vi\u1ec7t<\/a>.<\/p>","protected":false},"excerpt":{"rendered":"<p>Sorry, this entry is only available in Ti\u1ebfng Vi\u1ec7t.<\/p>\n","protected":false},"author":10,"featured_media":3470,"parent":0,"menu_order":0,"comment_status":"closed","ping_status":"closed","template":"","meta":{"footnotes":""},"_links":{"self":[{"href":"https:\/\/tuandungtour.com\/en\/wp-json\/wp\/v2\/pages\/818"}],"collection":[{"href":"https:\/\/tuandungtour.com\/en\/wp-json\/wp\/v2\/pages"}],"about":[{"href":"https:\/\/tuandungtour.com\/en\/wp-json\/wp\/v2\/types\/page"}],"author":[{"embeddable":true,"href":"https:\/\/tuandungtour.com\/en\/wp-json\/wp\/v2\/users\/10"}],"replies":[{"embeddable":true,"href":"https:\/\/tuandungtour.com\/en\/wp-json\/wp\/v2\/comments?post=818"}],"version-history":[{"count":1,"href":"https:\/\/tuandungtour.com\/en\/wp-json\/wp\/v2\/pages\/818\/revisions"}],"predecessor-version":[{"id":819,"href":"https:\/\/tuandungtour.com\/en\/wp-json\/wp\/v2\/pages\/818\/revisions\/819"}],"wp:featuredmedia":[{"embeddable":true,"href":"https:\/\/tuandungtour.com\/en\/wp-json\/wp\/v2\/media\/3470"}],"wp:attachment":[{"href":"https:\/\/tuandungtour.com\/en\/wp-json\/wp\/v2\/media?parent=818"}],"curies":[{"name":"wp","href":"https:\/\/api.w.org\/{rel}","templated":true}]}}